{"id":2382,"date":"2024-03-05T10:05:14","date_gmt":"2024-03-05T10:05:14","guid":{"rendered":"https:\/\/gs-vacha.de\/?page_id=2382"},"modified":"2025-12-17T11:23:32","modified_gmt":"2025-12-17T11:23:32","slug":"hoehepunkte-des-hortlebens","status":"publish","type":"page","link":"https:\/\/gs-vacha.de\/?page_id=2382","title":{"rendered":"H\u00f6hepunkte des Hortlebens"},"content":{"rendered":"\t\t<div data-elementor-type=\"wp-page\" data-elementor-id=\"2382\" class=\"elementor elementor-2382\">\n\t\t\t\t\t\t<section class=\"elementor-section elementor-top-section elementor-element elementor-element-4ce180a elementor-section-boxed elementor-section-height-default elementor-section-height-default\" data-id=\"4ce180a\" data-element_type=\"section\">\n\t\t\t\t\t\t<div class=\"elementor-container elementor-column-gap-default\">\n\t\t\t\t\t<div class=\"elementor-column elementor-col-100 elementor-top-column elementor-element elementor-element-8d566ad\" data-id=\"8d566ad\" data-element_type=\"column\">\n\t\t\t<div class=\"elementor-widget-wrap elementor-element-populated\">\n\t\t\t\t\t\t<div class=\"elementor-element elementor-element-14ee401 elementor-widget elementor-widget-text-editor\" data-id=\"14ee401\" data-element_type=\"widget\" data-widget_type=\"text-editor.default\">\n\t\t\t\t<div class=\"elementor-widget-container\">\n\t\t\t\t\t\t\t\t\t<ul><li>thematische Veranstaltungen zu Ostern; Osterk\u00f6rbchen basteln und die versteckten K\u00f6rbchen dann suchen; backen von Osternestern<\/li><li>Bastelangebote entsprechend der Jahreszeit, z. B. n\u00e4hen und bef\u00fcllen von Lavendels\u00e4ckchen<\/li><li>basteln von Geschenken zu Weihnachten und zum Muttertag<\/li><li>\u00a0am Freitag werden gruppenoffene Angebote gemacht<ul><li>\u00a0 \u00a0Yoga<\/li><li>\u00a0 \u00a0Gesellschaftsspiele (drinnen und drau\u00dfen)<\/li><li>\u00a0 \u00a0Besuch der Spielpl\u00e4tze der Stadt Vacha und Philippsthal<\/li><li>\u00a0 \u00a0Bastelangebote<\/li><li>\u00a0 \u00a0Sportspiele auf dem Hof und in der Turnhalle<\/li><\/ul><\/li><li>Hortabschlussfest mit Verabschiedung der Viertkl\u00e4ssler<\/li><\/ul>\t\t\t\t\t\t\t\t<\/div>\n\t\t\t\t<\/div>\n\t\t\t\t\t<\/div>\n\t\t<\/div>\n\t\t\t\t\t<\/div>\n\t\t<\/section>\n\t\t\t\t<\/div>\n\t\t","protected":false},"excerpt":{"rendered":"<p>thematische Veranstaltungen zu Ostern; Osterk\u00f6rbchen basteln und die versteckten K\u00f6rbchen dann suchen; backen von Osternestern Bastelangebote entsprechend der Jahreszeit, z. B. n\u00e4hen und bef\u00fcllen von Lavendels\u00e4ckchen basteln von Geschenken zu Weihnachten und zum Muttertag \u00a0am Freitag werden gruppenoffene Angebote gemacht &hellip; <\/p>\n","protected":false},"author":8,"featured_media":0,"parent":0,"menu_order":0,"comment_status":"closed","ping_status":"closed","template":"","meta":{"footnotes":""},"class_list":["post-2382","page","type-page","status-publish","hentry"],"_links":{"self":[{"href":"https:\/\/gs-vacha.de\/index.php?rest_route=\/wp\/v2\/pages\/2382","targetHints":{"allow":["GET"]}}],"collection":[{"href":"https:\/\/gs-vacha.de\/index.php?rest_route=\/wp\/v2\/pages"}],"about":[{"href":"https:\/\/gs-vacha.de\/index.php?rest_route=\/wp\/v2\/types\/page"}],"author":[{"embeddable":true,"href":"https:\/\/gs-vacha.de\/index.php?rest_route=\/wp\/v2\/users\/8"}],"replies":[{"embeddable":true,"href":"https:\/\/gs-vacha.de\/index.php?rest_route=%2Fwp%2Fv2%2Fcomments&post=2382"}],"version-history":[{"count":10,"href":"https:\/\/gs-vacha.de\/index.php?rest_route=\/wp\/v2\/pages\/2382\/revisions"}],"predecessor-version":[{"id":2563,"href":"https:\/\/gs-vacha.de\/index.php?rest_route=\/wp\/v2\/pages\/2382\/revisions\/2563"}],"wp:attachment":[{"href":"https:\/\/gs-vacha.de\/index.php?rest_route=%2Fwp%2Fv2%2Fmedia&parent=2382"}],"curies":[{"name":"wp","href":"https:\/\/api.w.org\/{rel}","templated":true}]}}