{"id":2379,"date":"2024-03-05T10:05:14","date_gmt":"2024-03-05T10:05:14","guid":{"rendered":"https:\/\/gs-vacha.de\/?page_id=2379"},"modified":"2025-12-17T11:22:45","modified_gmt":"2025-12-17T11:22:45","slug":"tagesablauf","status":"publish","type":"page","link":"https:\/\/gs-vacha.de\/?page_id=2379","title":{"rendered":"Tagesablauf"},"content":{"rendered":"\t\t<div data-elementor-type=\"wp-page\" data-elementor-id=\"2379\" class=\"elementor elementor-2379\">\n\t\t\t\t\t\t<section class=\"elementor-section elementor-top-section elementor-element elementor-element-33dd14a elementor-section-boxed elementor-section-height-default elementor-section-height-default\" data-id=\"33dd14a\" data-element_type=\"section\">\n\t\t\t\t\t\t<div class=\"elementor-container elementor-column-gap-default\">\n\t\t\t\t\t<div class=\"elementor-column elementor-col-100 elementor-top-column elementor-element elementor-element-c15a3de\" data-id=\"c15a3de\" data-element_type=\"column\">\n\t\t\t<div class=\"elementor-widget-wrap elementor-element-populated\">\n\t\t\t\t\t\t<div class=\"elementor-element elementor-element-0677341 elementor-widget elementor-widget-text-editor\" data-id=\"0677341\" data-element_type=\"widget\" data-widget_type=\"text-editor.default\">\n\t\t\t\t<div class=\"elementor-widget-container\">\n\t\t\t\t\t\t\t\t\t<p style=\"font-weight: 400;\"><strong><span style=\"text-decoration: underline;\">06:00<\/span><span style=\"text-decoration: underline;\"> Uhr \u2013 08:00 Uhr:<\/span><\/strong><\/p><p>Fr\u00fchhort<\/p><p style=\"font-weight: 400;\"><strong><span style=\"text-decoration: underline;\">w\u00e4hrend des Schulvormittags:<\/span><\/strong><\/p><p style=\"font-weight: 400;\">Unterrichtsbegleitung; Unterst\u00fctzung der Lehrkr\u00e4fte\u00a0<\/p><p style=\"font-weight: 400;\"><strong><span style=\"text-decoration: underline;\">nach Unterrichtsschluss:<\/span><\/strong><\/p><p style=\"font-weight: 400;\">Betreuung der Kinder, je nach Wetter Bewegung auf dem Hof, individuelles Spielen<\/p><p style=\"font-weight: 400;\">Teepause und Hausaufgabenzeit (die Zeit finden Sie unter <strong>Organisatorisches<\/strong>)<\/p><p>\u00a0<\/p><p style=\"font-weight: 400;\"><strong><span style=\"text-decoration: underline;\">15:00 Uhr \u2013 16:00 Uhr:<\/span><\/strong><\/p><p style=\"font-weight: 400;\">Sp\u00e4thort mit Bewegung auf dem Hof, dem Bolzplatz oder bei Gesellschaftsspielen<\/p>\t\t\t\t\t\t\t\t<\/div>\n\t\t\t\t<\/div>\n\t\t\t\t\t<\/div>\n\t\t<\/div>\n\t\t\t\t\t<\/div>\n\t\t<\/section>\n\t\t\t\t<\/div>\n\t\t","protected":false},"excerpt":{"rendered":"<p>06:00 Uhr \u2013 08:00 Uhr: Fr\u00fchhort w\u00e4hrend des Schulvormittags: Unterrichtsbegleitung; Unterst\u00fctzung der Lehrkr\u00e4fte\u00a0 nach Unterrichtsschluss: Betreuung der Kinder, je nach Wetter Bewegung auf dem Hof, individuelles Spielen Teepause und Hausaufgabenzeit (die Zeit finden Sie unter Organisatorisches) \u00a0 15:00 Uhr \u2013 &hellip; <\/p>\n","protected":false},"author":8,"featured_media":0,"parent":0,"menu_order":0,"comment_status":"closed","ping_status":"closed","template":"","meta":{"footnotes":""},"class_list":["post-2379","page","type-page","status-publish","hentry"],"_links":{"self":[{"href":"https:\/\/gs-vacha.de\/index.php?rest_route=\/wp\/v2\/pages\/2379","targetHints":{"allow":["GET"]}}],"collection":[{"href":"https:\/\/gs-vacha.de\/index.php?rest_route=\/wp\/v2\/pages"}],"about":[{"href":"https:\/\/gs-vacha.de\/index.php?rest_route=\/wp\/v2\/types\/page"}],"author":[{"embeddable":true,"href":"https:\/\/gs-vacha.de\/index.php?rest_route=\/wp\/v2\/users\/8"}],"replies":[{"embeddable":true,"href":"https:\/\/gs-vacha.de\/index.php?rest_route=%2Fwp%2Fv2%2Fcomments&post=2379"}],"version-history":[{"count":10,"href":"https:\/\/gs-vacha.de\/index.php?rest_route=\/wp\/v2\/pages\/2379\/revisions"}],"predecessor-version":[{"id":2560,"href":"https:\/\/gs-vacha.de\/index.php?rest_route=\/wp\/v2\/pages\/2379\/revisions\/2560"}],"wp:attachment":[{"href":"https:\/\/gs-vacha.de\/index.php?rest_route=%2Fwp%2Fv2%2Fmedia&parent=2379"}],"curies":[{"name":"wp","href":"https:\/\/api.w.org\/{rel}","templated":true}]}}