{"id":2012,"date":"2022-03-09T15:47:03","date_gmt":"2022-03-09T15:47:03","guid":{"rendered":"https:\/\/gs-vacha.de\/?page_id=2012"},"modified":"2025-12-18T12:10:20","modified_gmt":"2025-12-18T12:10:20","slug":"formulare","status":"publish","type":"page","link":"https:\/\/gs-vacha.de\/?page_id=2012","title":{"rendered":"Formulare"},"content":{"rendered":"\t\t<div data-elementor-type=\"wp-page\" data-elementor-id=\"2012\" class=\"elementor elementor-2012\">\n\t\t\t\t\t\t<section class=\"elementor-section elementor-top-section elementor-element elementor-element-2f9c25d elementor-section-boxed elementor-section-height-default elementor-section-height-default\" data-id=\"2f9c25d\" data-element_type=\"section\">\n\t\t\t\t\t\t<div class=\"elementor-container elementor-column-gap-default\">\n\t\t\t\t\t<div class=\"elementor-column elementor-col-100 elementor-top-column elementor-element elementor-element-ec88e85\" data-id=\"ec88e85\" data-element_type=\"column\">\n\t\t\t<div class=\"elementor-widget-wrap elementor-element-populated\">\n\t\t\t\t\t\t<div class=\"elementor-element elementor-element-c6d8ce0 elementor-widget elementor-widget-heading\" data-id=\"c6d8ce0\" data-element_type=\"widget\" data-widget_type=\"heading.default\">\n\t\t\t\t<div class=\"elementor-widget-container\">\n\t\t\t\t\t<h4 class=\"elementor-heading-title elementor-size-default\"><a href=\"https:\/\/gs-vacha.de\/wp-content\/uploads\/2022\/08\/Antrag-auf-Beurlaubung-vom-Unterricht-nach-\u00a7-7-Thueringer-Schulordnung.pdf\">Antrag auf Beurlaubung vom Unterricht <br>nach \u00a7 7 Th\u00fcringer Schulordnung<\/a><\/h4>\t\t\t\t<\/div>\n\t\t\t\t<\/div>\n\t\t\t\t\t<\/div>\n\t\t<\/div>\n\t\t\t\t\t<\/div>\n\t\t<\/section>\n\t\t\t\t<section class=\"elementor-section elementor-top-section elementor-element elementor-element-2630e6f elementor-section-boxed elementor-section-height-default elementor-section-height-default\" data-id=\"2630e6f\" data-element_type=\"section\">\n\t\t\t\t\t\t<div class=\"elementor-container elementor-column-gap-default\">\n\t\t\t\t\t<div class=\"elementor-column elementor-col-100 elementor-top-column elementor-element elementor-element-4511096\" data-id=\"4511096\" data-element_type=\"column\">\n\t\t\t<div class=\"elementor-widget-wrap elementor-element-populated\">\n\t\t\t\t\t\t<div class=\"elementor-element elementor-element-dc2dcf7 elementor-widget elementor-widget-heading\" data-id=\"dc2dcf7\" data-element_type=\"widget\" data-widget_type=\"heading.default\">\n\t\t\t\t<div class=\"elementor-widget-container\">\n\t\t\t\t\t<h4 class=\"elementor-heading-title elementor-size-default\"><a href=\"https:\/\/gs-vacha.de\/wp-content\/uploads\/2022\/08\/Entschuldigung-fuer-Fehltag_e.pdf\">Entschuldigung f\u00fcr Fehltage<\/a><\/h4>\t\t\t\t<\/div>\n\t\t\t\t<\/div>\n\t\t\t\t\t<\/div>\n\t\t<\/div>\n\t\t\t\t\t<\/div>\n\t\t<\/section>\n\t\t\t\t<section class=\"elementor-section elementor-top-section elementor-element elementor-element-13014e3 elementor-section-boxed elementor-section-height-default elementor-section-height-default\" data-id=\"13014e3\" data-element_type=\"section\">\n\t\t\t\t\t\t<div class=\"elementor-container elementor-column-gap-default\">\n\t\t\t\t\t<div class=\"elementor-column elementor-col-100 elementor-top-column elementor-element elementor-element-df9c2f9\" data-id=\"df9c2f9\" data-element_type=\"column\">\n\t\t\t<div class=\"elementor-widget-wrap elementor-element-populated\">\n\t\t\t\t\t\t<div class=\"elementor-element elementor-element-98d89aa elementor-widget elementor-widget-heading\" data-id=\"98d89aa\" data-element_type=\"widget\" data-widget_type=\"heading.default\">\n\t\t\t\t<div class=\"elementor-widget-container\">\n\t\t\t\t\t<h4 class=\"elementor-heading-title elementor-size-default\"><a href=\"https:\/\/gs-vacha.de\/wp-content\/uploads\/2022\/08\/Aenderungsmeldung.pdf\">\u00c4nderungsmeldung \/ Ummeldung<\/a><\/h4>\t\t\t\t<\/div>\n\t\t\t\t<\/div>\n\t\t\t\t\t<\/div>\n\t\t<\/div>\n\t\t\t\t\t<\/div>\n\t\t<\/section>\n\t\t\t\t<section class=\"elementor-section elementor-top-section elementor-element elementor-element-a6f0759 elementor-section-boxed elementor-section-height-default elementor-section-height-default\" data-id=\"a6f0759\" data-element_type=\"section\">\n\t\t\t\t\t\t<div class=\"elementor-container elementor-column-gap-default\">\n\t\t\t\t\t<div class=\"elementor-column elementor-col-100 elementor-top-column elementor-element elementor-element-3a0ad83\" data-id=\"3a0ad83\" data-element_type=\"column\">\n\t\t\t<div class=\"elementor-widget-wrap elementor-element-populated\">\n\t\t\t\t\t\t<div class=\"elementor-element elementor-element-17c4691 elementor-widget elementor-widget-heading\" data-id=\"17c4691\" data-element_type=\"widget\" data-widget_type=\"heading.default\">\n\t\t\t\t<div class=\"elementor-widget-container\">\n\t\t\t\t\t<h4 class=\"elementor-heading-title elementor-size-default\"><a href=\"https:\/\/gs-vacha.de\/wp-content\/uploads\/2022\/08\/Kuendigung-Hortplatz.pdf\">K\u00fcndigung Hortplatz<\/a><\/h4>\t\t\t\t<\/div>\n\t\t\t\t<\/div>\n\t\t\t\t\t<\/div>\n\t\t<\/div>\n\t\t\t\t\t<\/div>\n\t\t<\/section>\n\t\t\t\t<\/div>\n\t\t","protected":false},"excerpt":{"rendered":"<p>Antrag auf Beurlaubung vom Unterricht nach \u00a7 7 Th\u00fcringer Schulordnung Entschuldigung f\u00fcr Fehltage \u00c4nderungsmeldung \/ Ummeldung K\u00fcndigung Hortplatz<\/p>\n","protected":false},"author":7,"featured_media":0,"parent":0,"menu_order":0,"comment_status":"closed","ping_status":"closed","template":"","meta":{"footnotes":""},"class_list":["post-2012","page","type-page","status-publish","hentry"],"_links":{"self":[{"href":"https:\/\/gs-vacha.de\/index.php?rest_route=\/wp\/v2\/pages\/2012","targetHints":{"allow":["GET"]}}],"collection":[{"href":"https:\/\/gs-vacha.de\/index.php?rest_route=\/wp\/v2\/pages"}],"about":[{"href":"https:\/\/gs-vacha.de\/index.php?rest_route=\/wp\/v2\/types\/page"}],"author":[{"embeddable":true,"href":"https:\/\/gs-vacha.de\/index.php?rest_route=\/wp\/v2\/users\/7"}],"replies":[{"embeddable":true,"href":"https:\/\/gs-vacha.de\/index.php?rest_route=%2Fwp%2Fv2%2Fcomments&post=2012"}],"version-history":[{"count":28,"href":"https:\/\/gs-vacha.de\/index.php?rest_route=\/wp\/v2\/pages\/2012\/revisions"}],"predecessor-version":[{"id":2574,"href":"https:\/\/gs-vacha.de\/index.php?rest_route=\/wp\/v2\/pages\/2012\/revisions\/2574"}],"wp:attachment":[{"href":"https:\/\/gs-vacha.de\/index.php?rest_route=%2Fwp%2Fv2%2Fmedia&parent=2012"}],"curies":[{"name":"wp","href":"https:\/\/api.w.org\/{rel}","templated":true}]}}