{"id":1988,"date":"2022-03-09T15:41:12","date_gmt":"2022-03-09T15:41:12","guid":{"rendered":"https:\/\/gs-vacha.de\/?page_id=1988"},"modified":"2024-03-05T10:25:22","modified_gmt":"2024-03-05T10:25:22","slug":"hort","status":"publish","type":"page","link":"https:\/\/gs-vacha.de\/?page_id=1988","title":{"rendered":"Hort"},"content":{"rendered":"\t\t<div data-elementor-type=\"wp-page\" data-elementor-id=\"1988\" class=\"elementor elementor-1988\">\n\t\t\t\t\t\t<section class=\"elementor-section elementor-top-section elementor-element elementor-element-b885900 elementor-section-boxed elementor-section-height-default elementor-section-height-default\" data-id=\"b885900\" data-element_type=\"section\">\n\t\t\t\t\t\t<div class=\"elementor-container elementor-column-gap-default\">\n\t\t\t\t\t<div class=\"elementor-column elementor-col-100 elementor-top-column elementor-element elementor-element-2dd80c0\" data-id=\"2dd80c0\" data-element_type=\"column\">\n\t\t\t<div class=\"elementor-widget-wrap elementor-element-populated\">\n\t\t\t\t\t\t<div class=\"elementor-element elementor-element-3e60127 elementor-widget elementor-widget-heading\" data-id=\"3e60127\" data-element_type=\"widget\" data-widget_type=\"heading.default\">\n\t\t\t\t<div class=\"elementor-widget-container\">\n\t\t\t\t\t<h2 class=\"elementor-heading-title elementor-size-default\">Das Hortleben der Vitus-Grundschule<\/h2>\t\t\t\t<\/div>\n\t\t\t\t<\/div>\n\t\t\t\t<div class=\"elementor-element elementor-element-3f43935 elementor-widget elementor-widget-image\" data-id=\"3f43935\" data-element_type=\"widget\" data-widget_type=\"image.default\">\n\t\t\t\t<div class=\"elementor-widget-container\">\n\t\t\t\t\t\t\t\t\t\t\t\t\t\t\t<img fetchpriority=\"high\" decoding=\"async\" width=\"528\" height=\"360\" src=\"https:\/\/gs-vacha.de\/wp-content\/uploads\/2024\/03\/Hort.jpg\" class=\"attachment-large size-large wp-image-2392\" alt=\"\" srcset=\"https:\/\/gs-vacha.de\/wp-content\/uploads\/2024\/03\/Hort.jpg 528w, https:\/\/gs-vacha.de\/wp-content\/uploads\/2024\/03\/Hort-300x205.jpg 300w\" sizes=\"(max-width: 528px) 100vw, 528px\" \/>\t\t\t\t\t\t\t\t\t\t\t\t\t\t\t<\/div>\n\t\t\t\t<\/div>\n\t\t\t\t<div class=\"elementor-element elementor-element-72daad1 elementor-widget elementor-widget-text-editor\" data-id=\"72daad1\" data-element_type=\"widget\" data-widget_type=\"text-editor.default\">\n\t\t\t\t<div class=\"elementor-widget-container\">\n\t\t\t\t\t\t\t\t\t<p style=\"font-weight: 400;\">Wir gestalten das Leben in unserem Schulhort freitags sowie <span style=\"font-family: var( --e-global-typography-text-font-family ), Sans-serif;\">im Fr\u00fch- und Sp\u00e4thort gruppen\u00fcbergreifend.<\/span><\/p><p style=\"font-weight: 400;\">Nach Interessen und Sympathien der Kinder, bzw. zu vom Erzieher geplanten Vorhaben, bilden sich Kleingruppen. Schulhort ist ein Teil der Freizeit unserer Kinder und sollte nicht vollkommen \u201everplant\u201c werden. Wir als Erzieher unterbreiten den Kindern Angebote, die sie freiwillig nutzen k\u00f6nnen.<\/p><p style=\"font-weight: 400;\">Hausaufgaben werden vom Erzieher betreut, sollen aber weitestgehend selbstst\u00e4ndig erledigt werden. Die Hausaufgaben werden in Klasse 1 bis 4 auf Klassenstufenbasis erledigt.<\/p><p style=\"font-weight: 400;\">Unsere Kinder sind in der Mehrzahl f\u00fcr Sport sehr zu begeistern. Wir nutzen unsere Turnhalle zu Bewegungsspielen bei schlechtem Wetter sowie den Hartplatz im Freien zum Hockey- und Fu\u00dfballspielen bei guten Bedingungen. Viel Bewegung an der frischen Luft ist uns wichtig.<\/p><p style=\"font-weight: 400;\">Unser Schulhort bietet den Kindern nach der Hausaufgabenzeit und in den Ferien ein abwechslungsreiches Programm.<\/p>\t\t\t\t\t\t\t\t<\/div>\n\t\t\t\t<\/div>\n\t\t\t\t<div class=\"elementor-element elementor-element-4eb8fc7 elementor-widget elementor-widget-heading\" data-id=\"4eb8fc7\" data-element_type=\"widget\" data-widget_type=\"heading.default\">\n\t\t\t\t<div class=\"elementor-widget-container\">\n\t\t\t\t\t<h2 class=\"elementor-heading-title elementor-size-default\">Allgemeine Hinweise zur Hortbetreuung und zum Hortantrag<\/h2>\t\t\t\t<\/div>\n\t\t\t\t<\/div>\n\t\t\t\t<div class=\"elementor-element elementor-element-a018124 elementor-align-center elementor-widget elementor-widget-button\" data-id=\"a018124\" data-element_type=\"widget\" data-widget_type=\"button.default\">\n\t\t\t\t<div class=\"elementor-widget-container\">\n\t\t\t\t\t\t\t\t\t<div class=\"elementor-button-wrapper\">\n\t\t\t\t\t<a class=\"elementor-button elementor-button-link elementor-size-sm\" href=\"https:\/\/www.wartburgkreis.de\/leben-im-wartburgkreis\/schule-bildung\/hortbetreuung\">\n\t\t\t\t\t\t<span class=\"elementor-button-content-wrapper\">\n\t\t\t\t\t\t\t\t\t<span class=\"elementor-button-text\">Hier Klicken<\/span>\n\t\t\t\t\t<\/span>\n\t\t\t\t\t<\/a>\n\t\t\t\t<\/div>\n\t\t\t\t\t\t\t\t<\/div>\n\t\t\t\t<\/div>\n\t\t\t\t\t<\/div>\n\t\t<\/div>\n\t\t\t\t\t<\/div>\n\t\t<\/section>\n\t\t\t\t<section class=\"elementor-section elementor-top-section elementor-element elementor-element-e6735d1 elementor-section-boxed elementor-section-height-default elementor-section-height-default\" data-id=\"e6735d1\" data-element_type=\"section\">\n\t\t\t\t\t\t<div class=\"elementor-container elementor-column-gap-default\">\n\t\t\t\t\t<div class=\"elementor-column elementor-col-100 elementor-top-column elementor-element elementor-element-6bbbc34\" data-id=\"6bbbc34\" data-element_type=\"column\">\n\t\t\t<div class=\"elementor-widget-wrap\">\n\t\t\t\t\t\t\t<\/div>\n\t\t<\/div>\n\t\t\t\t\t<\/div>\n\t\t<\/section>\n\t\t\t\t<\/div>\n\t\t","protected":false},"excerpt":{"rendered":"<p>Das Hortleben der Vitus-Grundschule Wir gestalten das Leben in unserem Schulhort freitags sowie im Fr\u00fch- und Sp\u00e4thort gruppen\u00fcbergreifend. Nach Interessen und Sympathien der Kinder, bzw. zu vom Erzieher geplanten Vorhaben, bilden sich Kleingruppen. Schulhort ist ein Teil der Freizeit unserer &hellip; <\/p>\n","protected":false},"author":7,"featured_media":0,"parent":0,"menu_order":0,"comment_status":"closed","ping_status":"closed","template":"","meta":{"footnotes":""},"class_list":["post-1988","page","type-page","status-publish","hentry"],"_links":{"self":[{"href":"https:\/\/gs-vacha.de\/index.php?rest_route=\/wp\/v2\/pages\/1988","targetHints":{"allow":["GET"]}}],"collection":[{"href":"https:\/\/gs-vacha.de\/index.php?rest_route=\/wp\/v2\/pages"}],"about":[{"href":"https:\/\/gs-vacha.de\/index.php?rest_route=\/wp\/v2\/types\/page"}],"author":[{"embeddable":true,"href":"https:\/\/gs-vacha.de\/index.php?rest_route=\/wp\/v2\/users\/7"}],"replies":[{"embeddable":true,"href":"https:\/\/gs-vacha.de\/index.php?rest_route=%2Fwp%2Fv2%2Fcomments&post=1988"}],"version-history":[{"count":13,"href":"https:\/\/gs-vacha.de\/index.php?rest_route=\/wp\/v2\/pages\/1988\/revisions"}],"predecessor-version":[{"id":2404,"href":"https:\/\/gs-vacha.de\/index.php?rest_route=\/wp\/v2\/pages\/1988\/revisions\/2404"}],"wp:attachment":[{"href":"https:\/\/gs-vacha.de\/index.php?rest_route=%2Fwp%2Fv2%2Fmedia&parent=1988"}],"curies":[{"name":"wp","href":"https:\/\/api.w.org\/{rel}","templated":true}]}}