{"id":1982,"date":"2022-03-09T15:40:25","date_gmt":"2022-03-09T15:40:25","guid":{"rendered":"https:\/\/gs-vacha.de\/?page_id=1982"},"modified":"2024-03-05T11:27:47","modified_gmt":"2024-03-05T11:27:47","slug":"leitbild","status":"publish","type":"page","link":"https:\/\/gs-vacha.de\/?page_id=1982","title":{"rendered":"Leitbild"},"content":{"rendered":"\t\t<div data-elementor-type=\"wp-page\" data-elementor-id=\"1982\" class=\"elementor elementor-1982\">\n\t\t\t\t\t\t<section class=\"elementor-section elementor-top-section elementor-element elementor-element-ad0167d elementor-section-boxed elementor-section-height-default elementor-section-height-default\" data-id=\"ad0167d\" data-element_type=\"section\">\n\t\t\t\t\t\t<div class=\"elementor-container elementor-column-gap-default\">\n\t\t\t\t\t<div class=\"elementor-column elementor-col-100 elementor-top-column elementor-element elementor-element-21a92f6\" data-id=\"21a92f6\" data-element_type=\"column\">\n\t\t\t<div class=\"elementor-widget-wrap elementor-element-populated\">\n\t\t\t\t\t\t<div class=\"elementor-element elementor-element-e09f52d elementor-widget elementor-widget-text-editor\" data-id=\"e09f52d\" data-element_type=\"widget\" data-widget_type=\"text-editor.default\">\n\t\t\t\t<div class=\"elementor-widget-container\">\n\t\t\t\t\t\t\t\t\t<p><strong>&#8220;Eine freundliche Atmosph\u00e4re in deinem Haus ist die beste Grundlage f\u00fcr dein Leben&#8221;<\/strong><\/p>\n<p><strong>Unser Leitbild lautet: Geborgenheit-Wohlf\u00fchlen-Lernen<\/strong><\/p><p><br><\/p>\t\t\t\t\t\t\t\t<\/div>\n\t\t\t\t<\/div>\n\t\t\t\t\t<\/div>\n\t\t<\/div>\n\t\t\t\t\t<\/div>\n\t\t<\/section>\n\t\t\t\t<\/div>\n\t\t","protected":false},"excerpt":{"rendered":"<p>&#8220;Eine freundliche Atmosph\u00e4re in deinem Haus ist die beste Grundlage f\u00fcr dein Leben&#8221; Unser Leitbild lautet: Geborgenheit-Wohlf\u00fchlen-Lernen<\/p>\n","protected":false},"author":7,"featured_media":0,"parent":0,"menu_order":0,"comment_status":"closed","ping_status":"closed","template":"","meta":{"footnotes":""},"class_list":["post-1982","page","type-page","status-publish","hentry"],"_links":{"self":[{"href":"https:\/\/gs-vacha.de\/index.php?rest_route=\/wp\/v2\/pages\/1982","targetHints":{"allow":["GET"]}}],"collection":[{"href":"https:\/\/gs-vacha.de\/index.php?rest_route=\/wp\/v2\/pages"}],"about":[{"href":"https:\/\/gs-vacha.de\/index.php?rest_route=\/wp\/v2\/types\/page"}],"author":[{"embeddable":true,"href":"https:\/\/gs-vacha.de\/index.php?rest_route=\/wp\/v2\/users\/7"}],"replies":[{"embeddable":true,"href":"https:\/\/gs-vacha.de\/index.php?rest_route=%2Fwp%2Fv2%2Fcomments&post=1982"}],"version-history":[{"count":10,"href":"https:\/\/gs-vacha.de\/index.php?rest_route=\/wp\/v2\/pages\/1982\/revisions"}],"predecessor-version":[{"id":2434,"href":"https:\/\/gs-vacha.de\/index.php?rest_route=\/wp\/v2\/pages\/1982\/revisions\/2434"}],"wp:attachment":[{"href":"https:\/\/gs-vacha.de\/index.php?rest_route=%2Fwp%2Fv2%2Fmedia&parent=1982"}],"curies":[{"name":"wp","href":"https:\/\/api.w.org\/{rel}","templated":true}]}}