{"id":18,"date":"2017-12-26T14:05:41","date_gmt":"2017-12-26T14:05:41","guid":{"rendered":"http:\/\/gs-vacha.de\/?page_id=18"},"modified":"2025-12-16T11:24:52","modified_gmt":"2025-12-16T11:24:52","slug":"aktuelles","status":"publish","type":"page","link":"https:\/\/gs-vacha.de\/?page_id=18","title":{"rendered":"Aktuelles"},"content":{"rendered":"\t\t<div data-elementor-type=\"wp-page\" data-elementor-id=\"18\" class=\"elementor elementor-18\">\n\t\t\t\t\t\t<section class=\"elementor-section elementor-top-section elementor-element elementor-element-871c93d elementor-section-boxed elementor-section-height-default elementor-section-height-default\" data-id=\"871c93d\" data-element_type=\"section\">\n\t\t\t\t\t\t<div class=\"elementor-container elementor-column-gap-default\">\n\t\t\t\t\t<div class=\"elementor-column elementor-col-100 elementor-top-column elementor-element elementor-element-2845904\" data-id=\"2845904\" data-element_type=\"column\">\n\t\t\t<div class=\"elementor-widget-wrap elementor-element-populated\">\n\t\t\t\t\t\t<div class=\"elementor-element elementor-element-813b08d elementor-widget elementor-widget-heading\" data-id=\"813b08d\" data-element_type=\"widget\" data-widget_type=\"heading.default\">\n\t\t\t\t<div class=\"elementor-widget-container\">\n\t\t\t\t\t<h2 class=\"elementor-heading-title elementor-size-default\">Weihnachtsgr\u00fc\u00dfe 2025<\/h2>\t\t\t\t<\/div>\n\t\t\t\t<\/div>\n\t\t\t\t\t<\/div>\n\t\t<\/div>\n\t\t\t\t\t<\/div>\n\t\t<\/section>\n\t\t\t\t<section class=\"elementor-section elementor-top-section elementor-element elementor-element-e323660 elementor-section-boxed elementor-section-height-default elementor-section-height-default\" data-id=\"e323660\" data-element_type=\"section\">\n\t\t\t\t\t\t<div class=\"elementor-container elementor-column-gap-default\">\n\t\t\t\t\t<div class=\"elementor-column elementor-col-100 elementor-top-column elementor-element elementor-element-79a6706\" data-id=\"79a6706\" data-element_type=\"column\">\n\t\t\t<div class=\"elementor-widget-wrap elementor-element-populated\">\n\t\t\t\t\t\t<div class=\"elementor-element elementor-element-ebaeeef elementor-widget elementor-widget-image\" data-id=\"ebaeeef\" data-element_type=\"widget\" data-widget_type=\"image.default\">\n\t\t\t\t<div class=\"elementor-widget-container\">\n\t\t\t\t\t\t\t\t\t\t\t\t\t\t\t<img fetchpriority=\"high\" decoding=\"async\" width=\"724\" height=\"1024\" src=\"https:\/\/gs-vacha.de\/wp-content\/uploads\/2025\/12\/Weihnachtsgruss-2025-724x1024.jpeg\" class=\"attachment-large size-large wp-image-2546\" alt=\"\" srcset=\"https:\/\/gs-vacha.de\/wp-content\/uploads\/2025\/12\/Weihnachtsgruss-2025-724x1024.jpeg 724w, https:\/\/gs-vacha.de\/wp-content\/uploads\/2025\/12\/Weihnachtsgruss-2025-212x300.jpeg 212w, https:\/\/gs-vacha.de\/wp-content\/uploads\/2025\/12\/Weihnachtsgruss-2025-768x1086.jpeg 768w, https:\/\/gs-vacha.de\/wp-content\/uploads\/2025\/12\/Weihnachtsgruss-2025-1086x1536.jpeg 1086w, https:\/\/gs-vacha.de\/wp-content\/uploads\/2025\/12\/Weihnachtsgruss-2025.jpeg 1190w\" sizes=\"(max-width: 724px) 100vw, 724px\" \/>\t\t\t\t\t\t\t\t\t\t\t\t\t\t\t<\/div>\n\t\t\t\t<\/div>\n\t\t\t\t\t<\/div>\n\t\t<\/div>\n\t\t\t\t\t<\/div>\n\t\t<\/section>\n\t\t\t\t<section class=\"elementor-section elementor-top-section elementor-element elementor-element-909cf29 elementor-section-boxed elementor-section-height-default elementor-section-height-default\" data-id=\"909cf29\" data-element_type=\"section\">\n\t\t\t\t\t\t<div class=\"elementor-container elementor-column-gap-default\">\n\t\t\t\t\t<div class=\"elementor-column elementor-col-100 elementor-top-column elementor-element elementor-element-34c1c3c\" data-id=\"34c1c3c\" data-element_type=\"column\">\n\t\t\t<div class=\"elementor-widget-wrap elementor-element-populated\">\n\t\t\t\t\t\t<div class=\"elementor-element elementor-element-6c58da3 elementor-widget-divider--view-line elementor-widget elementor-widget-divider\" data-id=\"6c58da3\" data-element_type=\"widget\" data-widget_type=\"divider.default\">\n\t\t\t\t<div class=\"elementor-widget-container\">\n\t\t\t\t\t\t\t<div class=\"elementor-divider\">\n\t\t\t<span class=\"elementor-divider-separator\">\n\t\t\t\t\t\t<\/span>\n\t\t<\/div>\n\t\t\t\t\t\t<\/div>\n\t\t\t\t<\/div>\n\t\t\t\t\t<\/div>\n\t\t<\/div>\n\t\t\t\t\t<\/div>\n\t\t<\/section>\n\t\t\t\t<section class=\"elementor-section elementor-top-section elementor-element elementor-element-21ad892 elementor-section-stretched elementor-section-boxed elementor-section-height-default elementor-section-height-default\" data-id=\"21ad892\" data-element_type=\"section\" data-settings=\"{&quot;stretch_section&quot;:&quot;section-stretched&quot;}\">\n\t\t\t\t\t\t<div class=\"elementor-container elementor-column-gap-no\">\n\t\t\t\t\t<div class=\"elementor-column elementor-col-100 elementor-top-column elementor-element elementor-element-3c99756\" data-id=\"3c99756\" data-element_type=\"column\">\n\t\t\t<div class=\"elementor-widget-wrap elementor-element-populated\">\n\t\t\t\t\t\t<div class=\"elementor-element elementor-element-ae99b1d elementor-widget elementor-widget-heading\" data-id=\"ae99b1d\" data-element_type=\"widget\" data-widget_type=\"heading.default\">\n\t\t\t\t<div class=\"elementor-widget-container\">\n\t\t\t\t\t<h2 class=\"elementor-heading-title elementor-size-default\">Neue \u00d6ffnungszeiten des Sekretariats (SJ 2025\/2026)<\/h2>\t\t\t\t<\/div>\n\t\t\t\t<\/div>\n\t\t\t\t<div class=\"elementor-element elementor-element-970e5ed elementor-widget elementor-widget-text-editor\" data-id=\"970e5ed\" data-element_type=\"widget\" data-widget_type=\"text-editor.default\">\n\t\t\t\t<div class=\"elementor-widget-container\">\n\t\t\t\t\t\t\t\t\t<p>Montag: \u00a0 \u00a0 \u00a0 \u00a0 10:45 &#8211; 15:00 Uhr<\/p><p>Dienstag:\u00a0 \u00a0 \u00a0 \u00a006:30 &#8211; 10:30 Uhr<\/p><p>Mittwoch: \u00a0 \u00a0 \u00a006:30 Uhr &#8211; 10:00 Uhr<\/p><p>Donnerstag:\u00a0 10:15 Uhr &#8211; 14:00 Uhr<\/p><p>Freitag: \u00a0 \u00a0 \u00a0 \u00a0 \u00a0 06:30 Uhr &#8211; 10:00 Uhr<\/p>\t\t\t\t\t\t\t\t<\/div>\n\t\t\t\t<\/div>\n\t\t\t\t<div class=\"elementor-element elementor-element-eb74cc6 elementor-widget-divider--view-line elementor-widget elementor-widget-divider\" data-id=\"eb74cc6\" data-element_type=\"widget\" data-widget_type=\"divider.default\">\n\t\t\t\t<div class=\"elementor-widget-container\">\n\t\t\t\t\t\t\t<div class=\"elementor-divider\">\n\t\t\t<span class=\"elementor-divider-separator\">\n\t\t\t\t\t\t<\/span>\n\t\t<\/div>\n\t\t\t\t\t\t<\/div>\n\t\t\t\t<\/div>\n\t\t\t\t<div class=\"elementor-element elementor-element-a77794d elementor-widget elementor-widget-heading\" data-id=\"a77794d\" data-element_type=\"widget\" data-widget_type=\"heading.default\">\n\t\t\t\t<div class=\"elementor-widget-container\">\n\t\t\t\t\t<h2 class=\"elementor-heading-title elementor-size-default\">Fasching in der Vitus-Grundschule Vacha 2024<\/h2>\t\t\t\t<\/div>\n\t\t\t\t<\/div>\n\t\t\t\t<div class=\"elementor-element elementor-element-a9bed40 elementor-widget elementor-widget-image\" data-id=\"a9bed40\" data-element_type=\"widget\" data-widget_type=\"image.default\">\n\t\t\t\t<div class=\"elementor-widget-container\">\n\t\t\t\t\t\t\t\t\t\t\t\t\t\t\t<img decoding=\"async\" width=\"612\" height=\"198\" src=\"https:\/\/gs-vacha.de\/wp-content\/uploads\/2024\/02\/istockphoto-907877728-612x612-1.jpg\" class=\"attachment-large size-large wp-image-2310\" alt=\"\" srcset=\"https:\/\/gs-vacha.de\/wp-content\/uploads\/2024\/02\/istockphoto-907877728-612x612-1.jpg 612w, https:\/\/gs-vacha.de\/wp-content\/uploads\/2024\/02\/istockphoto-907877728-612x612-1-300x97.jpg 300w\" sizes=\"(max-width: 612px) 100vw, 612px\" \/>\t\t\t\t\t\t\t\t\t\t\t\t\t\t\t<\/div>\n\t\t\t\t<\/div>\n\t\t\t\t<div class=\"elementor-element elementor-element-0175733 elementor-widget elementor-widget-text-editor\" data-id=\"0175733\" data-element_type=\"widget\" data-widget_type=\"text-editor.default\">\n\t\t\t\t<div class=\"elementor-widget-container\">\n\t\t\t\t\t\t\t\t\t<p style=\"font-weight: 400;\">Die Vitus-Grundschule Vacha m\u00f6chte sich beim CCV Vacha f\u00fcr den Karnevalsauftritt am 08.02.2024 bedanken. Ein gro\u00dfes Lob an alle CCV-Mitglieder und Lea Ritz, die das Programm einstudiert hat. Es war ein sehr sch\u00f6ner Tag mit allen Mitgliedern des CCV Vacha. Sie waren in den Klassen 1 \u2013 4 sehr begehrt. Ein gro\u00dfes \u201eDanke\u201c an die Kleine Bunte Garde. Und noch ein gro\u00dfes \u201eDanke\u201c an die Trainer Anne Urff und Sabrina Raabe, die den sch\u00f6nen Tanz mit den Kindern einstudiert haben. Danke auch an die Blauen Funken.<\/p><p style=\"font-weight: 400;\"><strong>geschrieben von: Lara und Matilda (Sch\u00fclerinnen der Klasse 4)<\/strong><\/p>\t\t\t\t\t\t\t\t<\/div>\n\t\t\t\t<\/div>\n\t\t\t\t<div class=\"elementor-element elementor-element-a680424 elementor-widget-divider--view-line elementor-widget elementor-widget-divider\" data-id=\"a680424\" data-element_type=\"widget\" data-widget_type=\"divider.default\">\n\t\t\t\t<div class=\"elementor-widget-container\">\n\t\t\t\t\t\t\t<div class=\"elementor-divider\">\n\t\t\t<span class=\"elementor-divider-separator\">\n\t\t\t\t\t\t<\/span>\n\t\t<\/div>\n\t\t\t\t\t\t<\/div>\n\t\t\t\t<\/div>\n\t\t\t\t<div class=\"elementor-element elementor-element-8f749e5 elementor-widget elementor-widget-heading\" data-id=\"8f749e5\" data-element_type=\"widget\" data-widget_type=\"heading.default\">\n\t\t\t\t<div class=\"elementor-widget-container\">\n\t\t\t\t\t<h2 class=\"elementor-heading-title elementor-size-default\">Weihnachtsgr\u00fc\u00dfe 2023<\/h2>\t\t\t\t<\/div>\n\t\t\t\t<\/div>\n\t\t\t\t<div class=\"elementor-element elementor-element-111a8be elementor-widget elementor-widget-image\" data-id=\"111a8be\" data-element_type=\"widget\" data-widget_type=\"image.default\">\n\t\t\t\t<div class=\"elementor-widget-container\">\n\t\t\t\t\t\t\t\t\t\t\t\t\t\t\t<img decoding=\"async\" width=\"832\" height=\"590\" src=\"https:\/\/gs-vacha.de\/wp-content\/uploads\/2023\/12\/Weihnachtsgruesse.jpg\" class=\"attachment-large size-large wp-image-2285\" alt=\"\" srcset=\"https:\/\/gs-vacha.de\/wp-content\/uploads\/2023\/12\/Weihnachtsgruesse.jpg 1024w, https:\/\/gs-vacha.de\/wp-content\/uploads\/2023\/12\/Weihnachtsgruesse-300x213.jpg 300w, https:\/\/gs-vacha.de\/wp-content\/uploads\/2023\/12\/Weihnachtsgruesse-768x545.jpg 768w\" sizes=\"(max-width: 832px) 100vw, 832px\" \/>\t\t\t\t\t\t\t\t\t\t\t\t\t\t\t<\/div>\n\t\t\t\t<\/div>\n\t\t\t\t<div class=\"elementor-element elementor-element-8af99be elementor-widget-divider--view-line elementor-widget elementor-widget-divider\" data-id=\"8af99be\" data-element_type=\"widget\" data-widget_type=\"divider.default\">\n\t\t\t\t<div class=\"elementor-widget-container\">\n\t\t\t\t\t\t\t<div class=\"elementor-divider\">\n\t\t\t<span class=\"elementor-divider-separator\">\n\t\t\t\t\t\t<\/span>\n\t\t<\/div>\n\t\t\t\t\t\t<\/div>\n\t\t\t\t<\/div>\n\t\t\t\t<div class=\"elementor-element elementor-element-2a613ba elementor-widget elementor-widget-heading\" data-id=\"2a613ba\" data-element_type=\"widget\" data-widget_type=\"heading.default\">\n\t\t\t\t<div class=\"elementor-widget-container\">\n\t\t\t\t\t<h2 class=\"elementor-heading-title elementor-size-default\">Der Putztag<\/h2>\t\t\t\t<\/div>\n\t\t\t\t<\/div>\n\t\t\t\t<div class=\"elementor-element elementor-element-3fd2dc4 elementor-widget elementor-widget-text-editor\" data-id=\"3fd2dc4\" data-element_type=\"widget\" data-widget_type=\"text-editor.default\">\n\t\t\t\t<div class=\"elementor-widget-container\">\n\t\t\t\t\t\t\t\t\t<p>Am 31.03.2023 war unser Fr\u00fchjahrsputztag. Die Sch\u00fclerinnen und Sch\u00fcler der Vitus-Grundschule Vacha haben die Schule aufger\u00e4umt und vieles geputzt. Auch die Turnhalle wurde gereinigt und die Ger\u00e4te wurden sortiert. Jede Klasse r\u00e4umte ihren Klassenraum auf. Auf dem Schulhof wurde das Unkraut gej\u00e4tet. Alle Sch\u00fcler und Lehrer hatten viel Spa\u00df. Es war ein toller Tag. Und jetzt freut sich die ganze Schule auf die Ferien.<\/p><p><b>geschrieben von Elisa Meyer und Anna B\u00fcttner aus der Klasse 4 b<\/b><\/p><p><b>\u00a0<\/b><\/p>\t\t\t\t\t\t\t\t<\/div>\n\t\t\t\t<\/div>\n\t\t\t\t<div class=\"elementor-element elementor-element-6f8cffa elementor-widget-divider--view-line elementor-widget elementor-widget-divider\" data-id=\"6f8cffa\" data-element_type=\"widget\" data-widget_type=\"divider.default\">\n\t\t\t\t<div class=\"elementor-widget-container\">\n\t\t\t\t\t\t\t<div class=\"elementor-divider\">\n\t\t\t<span class=\"elementor-divider-separator\">\n\t\t\t\t\t\t<\/span>\n\t\t<\/div>\n\t\t\t\t\t\t<\/div>\n\t\t\t\t<\/div>\n\t\t\t\t<div class=\"elementor-element elementor-element-86699a0 elementor-widget elementor-widget-heading\" data-id=\"86699a0\" data-element_type=\"widget\" data-widget_type=\"heading.default\">\n\t\t\t\t<div class=\"elementor-widget-container\">\n\t\t\t\t\t<h2 class=\"elementor-heading-title elementor-size-default\">Fasching im Vachwerk 2023<\/h2>\t\t\t\t<\/div>\n\t\t\t\t<\/div>\n\t\t\t\t\t<\/div>\n\t\t<\/div>\n\t\t\t\t\t<\/div>\n\t\t<\/section>\n\t\t\t\t<section class=\"elementor-section elementor-top-section elementor-element elementor-element-a42007a elementor-section-stretched elementor-section-boxed elementor-section-height-default elementor-section-height-default\" data-id=\"a42007a\" data-element_type=\"section\" data-settings=\"{&quot;stretch_section&quot;:&quot;section-stretched&quot;}\">\n\t\t\t\t\t\t<div class=\"elementor-container elementor-column-gap-no\">\n\t\t\t\t\t<div class=\"elementor-column elementor-col-100 elementor-top-column elementor-element elementor-element-35f9d04\" data-id=\"35f9d04\" data-element_type=\"column\">\n\t\t\t<div class=\"elementor-widget-wrap elementor-element-populated\">\n\t\t\t\t\t\t<div class=\"elementor-element elementor-element-ec56313 elementor-widget elementor-widget-text-editor\" data-id=\"ec56313\" data-element_type=\"widget\" data-widget_type=\"text-editor.default\">\n\t\t\t\t<div class=\"elementor-widget-container\">\n\t\t\t\t\t\t\t\t\t<p>Am Dienstag, dem 21.02.2023 ist die Vitus-Grundschule aus Vacha um 9:45 Uhr ins Vachwerk gelaufen. Dort haben wir endlich wieder Schulkarneval gefeiert. Die Sch\u00fcler hatten die tollsten, allercoolsten und sch\u00f6nsten Kost\u00fcme \u00fcberhaupt an. Sogar die Lehrer waren sehr lustig verkleidet. Wir haben tolle T\u00e4nze von der &#8220;Kleinen Bunten Garde&#8221; und von den &#8220;Blauen Funken&#8221; des CCV gesehen. Sie waren wundersch\u00f6n und einfach nur toll. Die &#8220;Blauen Funken&#8221; haben sogar eine Zugabe bekommen. Die Klassen 1 bis 4 haben echt coole und witzige Programme vorgestellt. Es gab Stuhlpolonaise, wo man tolle Preise gewinnen konnte. Die Mitglieder des CCV haben sich um Essen und Trinken gek\u00fcmmert. Es wurden 25 kg Pommes verkauft. Wenn man sich das mal so vorstellt, ist das echt viel. Dann sind wir leider schon um 12:00 Uhr wieder zur\u00fcck zur Schule gelaufen. Es war ein toller Karneval und alle hatten viel Spa\u00df!<\/p><p><strong>geschrieben von Johanna Riedel aus der Klasse 4 b<\/strong><\/p>\t\t\t\t\t\t\t\t<\/div>\n\t\t\t\t<\/div>\n\t\t\t\t<div class=\"elementor-element elementor-element-7a9dcc4 elementor-widget-divider--view-line elementor-widget elementor-widget-divider\" data-id=\"7a9dcc4\" data-element_type=\"widget\" data-widget_type=\"divider.default\">\n\t\t\t\t<div class=\"elementor-widget-container\">\n\t\t\t\t\t\t\t<div class=\"elementor-divider\">\n\t\t\t<span class=\"elementor-divider-separator\">\n\t\t\t\t\t\t<\/span>\n\t\t<\/div>\n\t\t\t\t\t\t<\/div>\n\t\t\t\t<\/div>\n\t\t\t\t<div class=\"elementor-element elementor-element-561ecc2 elementor-widget elementor-widget-heading\" data-id=\"561ecc2\" data-element_type=\"widget\" data-widget_type=\"heading.default\">\n\t\t\t\t<div class=\"elementor-widget-container\">\n\t\t\t\t\t<h2 class=\"elementor-heading-title elementor-size-default\">Fasching in der Vitus-Grundschule Vacha 2023<\/h2>\t\t\t\t<\/div>\n\t\t\t\t<\/div>\n\t\t\t\t<div class=\"elementor-element elementor-element-749f462 elementor-widget elementor-widget-text-editor\" data-id=\"749f462\" data-element_type=\"widget\" data-widget_type=\"text-editor.default\">\n\t\t\t\t<div class=\"elementor-widget-container\">\n\t\t\t\t\t\t\t\t\t<p>Nach einem sonnigen Rosenmontagsumzug feierten wir am Dienstag, den 21.2.23 unseren Schulfasching. P\u00fcnktlich zum Unterrichtsbeginn kamen alle Sch\u00fcler und Lehrer im Kost\u00fcm in die Schule. Nach einem ausgiebigen Fr\u00fchst\u00fcck gingen alle Klassen der Vitus-Grundschule Vacha zusammen in das toll geschm\u00fcckte Vachwerk. Mit etwas Verz\u00f6gerung fing das Programm um 10:00 Uhr endlich an. Zwei Tanzgruppen des CCV zeigten ihre tollen T\u00e4nze. Die &#8220;Blauen Funken&#8221; bekamen sogar eine Zugabe. Auch das Kinderprinzenpaar besuchte uns. Jede Klasse bereitete einen Programmpunkt vor. F\u00fcr das leibliche Wohl war bestens gesorgt. Es gab Pommes, W\u00fcrstchen und ausreichend Getr\u00e4nke. Mit einer langen Polonaise sind wir durchs Vachwerk gezogen. Wir hatten einen tollen Tag und jede Menge Spa\u00df.<\/p><p><strong>geschrieben von Luisa Adler aus der Klasse 4 b<\/strong><\/p>\t\t\t\t\t\t\t\t<\/div>\n\t\t\t\t<\/div>\n\t\t\t\t<div class=\"elementor-element elementor-element-3761f84 elementor-widget-divider--view-line elementor-widget elementor-widget-divider\" data-id=\"3761f84\" data-element_type=\"widget\" data-widget_type=\"divider.default\">\n\t\t\t\t<div class=\"elementor-widget-container\">\n\t\t\t\t\t\t\t<div class=\"elementor-divider\">\n\t\t\t<span class=\"elementor-divider-separator\">\n\t\t\t\t\t\t<\/span>\n\t\t<\/div>\n\t\t\t\t\t\t<\/div>\n\t\t\t\t<\/div>\n\t\t\t\t<div class=\"elementor-element elementor-element-41a0a68 elementor-widget elementor-widget-heading\" data-id=\"41a0a68\" data-element_type=\"widget\" data-widget_type=\"heading.default\">\n\t\t\t\t<div class=\"elementor-widget-container\">\n\t\t\t\t\t<h2 class=\"elementor-heading-title elementor-size-default\">Crosslauf der Vitus-Grundschule Vacha 2022<\/h2>\t\t\t\t<\/div>\n\t\t\t\t<\/div>\n\t\t\t\t<div class=\"elementor-element elementor-element-43358ba elementor-widget elementor-widget-text-editor\" data-id=\"43358ba\" data-element_type=\"widget\" data-widget_type=\"text-editor.default\">\n\t\t\t\t<div class=\"elementor-widget-container\">\n\t\t\t\t\t\t\t\t\t<p>Am Donnerstag, dem 22. September 2022, hat die Grundschule Vacha am Sportplatz einen Crosslauf veranstaltet. Es haben von der Grundschule Vacha alle Kinder dran teilgenommen. Als wir am Sportplatz ankamen begr\u00fc\u00dfte uns Frau Dorfmann und danach sind wir eine Aufw\u00e4rmrunde gelaufen. Bei jeder Klasse sind zuerst die Jungen gelaufen und dann die M\u00e4dchen. Die Klasse 2 war zuerst dran, dann die Kindergartenkinder. Als n\u00e4chstes die Klasse 1, danach die Klasse 3 und zum Schluss die Klasse 4. Ein Junge aus der Klasse 4 hat schlecht Luft bekommen und ein paar Jungs aus der Klasse 2 haben beim Laufen abgek\u00fcrzt. Deswegen mussten alle Jungs aus der Klasse 2 nochmal laufen. Der Gewinner aus Klasse 4 von den Jungen war Lenny Seibt und von den M\u00e4dchen Elsa Swiercy. Wir haben alle Kinder angefeuert. Das war ein sch\u00f6ner Tag.<\/p><p><b><i>geschrieben von Charleen Jockel aus der Klasse 4 b<\/i><\/b><\/p>\t\t\t\t\t\t\t\t<\/div>\n\t\t\t\t<\/div>\n\t\t\t\t<div class=\"elementor-element elementor-element-f7aa8f7 elementor-widget-divider--view-line elementor-widget elementor-widget-divider\" data-id=\"f7aa8f7\" data-element_type=\"widget\" data-widget_type=\"divider.default\">\n\t\t\t\t<div class=\"elementor-widget-container\">\n\t\t\t\t\t\t\t<div class=\"elementor-divider\">\n\t\t\t<span class=\"elementor-divider-separator\">\n\t\t\t\t\t\t<\/span>\n\t\t<\/div>\n\t\t\t\t\t\t<\/div>\n\t\t\t\t<\/div>\n\t\t\t\t<div class=\"elementor-element elementor-element-1621b6c elementor-widget elementor-widget-heading\" data-id=\"1621b6c\" data-element_type=\"widget\" data-widget_type=\"heading.default\">\n\t\t\t\t<div class=\"elementor-widget-container\">\n\t\t\t\t\t<h2 class=\"elementor-heading-title elementor-size-default\">WORLD CLEANUP DAY 2022<\/h2>\t\t\t\t<\/div>\n\t\t\t\t<\/div>\n\t\t\t\t\t<\/div>\n\t\t<\/div>\n\t\t\t\t\t<\/div>\n\t\t<\/section>\n\t\t\t\t<section class=\"elementor-section elementor-top-section elementor-element elementor-element-44be83d elementor-section-stretched elementor-section-boxed elementor-section-height-default elementor-section-height-default\" data-id=\"44be83d\" data-element_type=\"section\" data-settings=\"{&quot;stretch_section&quot;:&quot;section-stretched&quot;}\">\n\t\t\t\t\t\t<div class=\"elementor-container elementor-column-gap-no\">\n\t\t\t\t\t<div class=\"elementor-column elementor-col-100 elementor-top-column elementor-element elementor-element-730e4bd\" data-id=\"730e4bd\" data-element_type=\"column\">\n\t\t\t<div class=\"elementor-widget-wrap elementor-element-populated\">\n\t\t\t\t\t\t<div class=\"elementor-element elementor-element-34f7000 elementor-widget elementor-widget-text-editor\" data-id=\"34f7000\" data-element_type=\"widget\" data-widget_type=\"text-editor.default\">\n\t\t\t\t<div class=\"elementor-widget-container\">\n\t\t\t\t\t\t\t\t\t<p>Am Freitag, dem 16.09.2022, nahmen die Sch\u00fclerinnen und Sch\u00fcler der Vitus-Grundschule Vacha wieder am World Cleanup Day teil. Bestens ausger\u00fcstet mit Handschuhen, Zangen und M\u00fcllbeuteln str\u00f6mten die motivierten Kinder los und sammelten ganz flei\u00dfig achtlos fallengelassenen M\u00fcll &#8211; angefangen von Plastik- und Glasflaschen, \u00fcber Getr\u00e4nkedosen bis hin zu Bonbonpapier und Zigarettenstummeln. W\u00e4hrend des Unterhaltens mit den Kindern waren S\u00e4tze zu h\u00f6ren wie: &#8220;Warum schmei\u00dft das jemand ins Geb\u00fcsch?&#8221; &#8220;Es gibt doch M\u00fclleimer.&#8221; Am Ende waren viele Wege und Pl\u00e4tze ges\u00e4ubert und alle staunten \u00fcber den eingesammelten M\u00fcll. Die Sch\u00fclerinnen und Sch\u00fcler wurden sich f\u00fcr die Zukunft einig: Wir werfen unseren Abfall in den M\u00fclleimer und sch\u00fctzen damit unsere Umwelt und letztendlich uns selbst.<\/p>\t\t\t\t\t\t\t\t<\/div>\n\t\t\t\t<\/div>\n\t\t\t\t\t<\/div>\n\t\t<\/div>\n\t\t\t\t\t<\/div>\n\t\t<\/section>\n\t\t\t\t<\/div>\n\t\t","protected":false},"excerpt":{"rendered":"<p>Weihnachtsgr\u00fc\u00dfe 2025 Neue \u00d6ffnungszeiten des Sekretariats (SJ 2025\/2026) Montag: \u00a0 \u00a0 \u00a0 \u00a0 10:45 &#8211; 15:00 Uhr Dienstag:\u00a0 \u00a0 \u00a0 \u00a006:30 &#8211; 10:30 Uhr Mittwoch: \u00a0 \u00a0 \u00a006:30 Uhr &#8211; 10:00 Uhr Donnerstag:\u00a0 10:15 Uhr &#8211; 14:00 Uhr Freitag: \u00a0 &hellip; <\/p>\n","protected":false},"author":2,"featured_media":0,"parent":0,"menu_order":0,"comment_status":"closed","ping_status":"closed","template":"","meta":{"footnotes":""},"class_list":["post-18","page","type-page","status-publish","hentry"],"_links":{"self":[{"href":"https:\/\/gs-vacha.de\/index.php?rest_route=\/wp\/v2\/pages\/18","targetHints":{"allow":["GET"]}}],"collection":[{"href":"https:\/\/gs-vacha.de\/index.php?rest_route=\/wp\/v2\/pages"}],"about":[{"href":"https:\/\/gs-vacha.de\/index.php?rest_route=\/wp\/v2\/types\/page"}],"author":[{"embeddable":true,"href":"https:\/\/gs-vacha.de\/index.php?rest_route=\/wp\/v2\/users\/2"}],"replies":[{"embeddable":true,"href":"https:\/\/gs-vacha.de\/index.php?rest_route=%2Fwp%2Fv2%2Fcomments&post=18"}],"version-history":[{"count":196,"href":"https:\/\/gs-vacha.de\/index.php?rest_route=\/wp\/v2\/pages\/18\/revisions"}],"predecessor-version":[{"id":2549,"href":"https:\/\/gs-vacha.de\/index.php?rest_route=\/wp\/v2\/pages\/18\/revisions\/2549"}],"wp:attachment":[{"href":"https:\/\/gs-vacha.de\/index.php?rest_route=%2Fwp%2Fv2%2Fmedia&parent=18"}],"curies":[{"name":"wp","href":"https:\/\/api.w.org\/{rel}","templated":true}]}}