{"id":158,"date":"2018-06-20T10:58:51","date_gmt":"2018-06-20T10:58:51","guid":{"rendered":"http:\/\/gs-vacha.de\/?page_id=158"},"modified":"2020-11-01T12:22:02","modified_gmt":"2020-11-01T12:22:02","slug":"impressum","status":"publish","type":"page","link":"https:\/\/gs-vacha.de\/?page_id=158","title":{"rendered":"Impressum"},"content":{"rendered":"\t\t<div data-elementor-type=\"wp-post\" data-elementor-id=\"158\" class=\"elementor elementor-158\">\n\t\t\t\t\t\t<section class=\"elementor-section elementor-top-section elementor-element elementor-element-7a4d130 elementor-section-boxed elementor-section-height-default elementor-section-height-default\" data-id=\"7a4d130\" data-element_type=\"section\">\n\t\t\t\t\t\t<div class=\"elementor-container elementor-column-gap-default\">\n\t\t\t\t\t<div class=\"elementor-column elementor-col-100 elementor-top-column elementor-element elementor-element-7cd45ab\" data-id=\"7cd45ab\" data-element_type=\"column\">\n\t\t\t<div class=\"elementor-widget-wrap elementor-element-populated\">\n\t\t\t\t\t\t<div class=\"elementor-element elementor-element-c30c6e7 elementor-widget elementor-widget-text-editor\" data-id=\"c30c6e7\" data-element_type=\"widget\" data-widget_type=\"text-editor.default\">\n\t\t\t\t<div class=\"elementor-widget-container\">\n\t\t\t\t\t\t\t\t\t<h4><span style=\"color: #000000; font-family: var( --e-global-typography-text-font-family ), Sans-serif;\">Technische Betreuung dieser Seiten:<\/span><\/h4>\n<p><span style=\"color: #000000;\">EDV-Beratung Uwe Borger<\/span><br><span style=\"color: #000000;\">Email:&nbsp;&nbsp;<a style=\"color: #000000;\" href=\"mailto:info@borger-edv.de\">info@borger-edv.de<\/a><\/span><br><span style=\"color: #000000;\">Die Inhalte sind mit der Vitusschule Vacha abgestimmt und geben deren Meinung wieder.<\/span><\/p>\n<h4><span style=\"color: #000000;\">Verantwortlich f\u00fcr den Inhalt dieser Seiten:<\/span><\/h4>\n<p><span style=\"color: #000000;\">Staatliche Grundschule Vacha<\/span><br><span style=\"color: #000000;\">Schulstra\u00dfe 9-11<\/span><br><span style=\"color: #000000;\">36404 Vacha<\/span><\/p>\n<p><span style=\"color: #000000;\">Manuela Dorfmann<\/span><\/p>\n<p><span style=\"color: #000000;\">Telefon: 036962 \/&nbsp;24 88 6<\/span><br><span style=\"color: #000000;\">Telefax: 036962 \/ 24 90 24&nbsp;<\/span><br><span style=\"color: #000000;\">Email: g<a style=\"color: #000000;\" href=\"mailto:info@gs-vacha.de\">s.vacha@schulen-wak.de<\/a><\/span><\/p>\n<h4><span style=\"color: #000000;\">Gew\u00e4hrleistungsausschluss<\/span><\/h4>\n<p><span style=\"color: #000000;\">Die Inhalte dieser Seiten werden sorgf\u00e4ltig gepr\u00fcft. Trotzdem kann keine Haftung f\u00fcr die Richtigkeit, Vollst\u00e4ndigkeit oder Aktualit\u00e4t der publizierten Informationen \u00fcbernommen werden.<\/span><\/p>\n<h4><span style=\"color: #000000;\">Bedeutung von Links und Inhalten<\/span><\/h4>\n<p><span style=\"color: #000000;\">Die Autoren erkl\u00e4ren hiermit ausdr\u00fccklich, dass zum Zeitpunkt von Linksetzungen den Autoren keine illegalen Inhalte auf den zu verlinkenden Seiten erkennbar waren.<\/span><\/p>\n<p><span style=\"color: #000000;\">Auf die aktuelle und zuk\u00fcnftige Gestaltung, die Inhalte oder die Urheberschaft der verlinkten \/ verkn\u00fcpften Seiten haben die Autoren keinerlei Einfluss und k\u00f6nnen diese unm\u00f6glich \u00fcberwachen.<\/span><\/p>\n<p><span style=\"color: #000000;\">Deshalb distanziert sie sich hiermit ausdr\u00fccklich von s\u00e4mtlichen Inhalten aller verlinkten \/ verkn\u00fcpften Seiten.<\/span><\/p>\n<p><span style=\"color: #000000;\">Diese Feststellung gilt f\u00fcr alle innerhalb des eigenen Internetangebotes gesetzten Links und Verweise sowie f\u00fcr Fremdeintr\u00e4ge in von den Autoren eingerichteten G\u00e4steb\u00fcchern, Diskussionsforen und Kommentaren.<\/span><\/p>\n<p><span style=\"color: #000000;\">F\u00fcr illegale, fehlerhafte oder unvollst\u00e4ndige Inhalte und insbesondere f\u00fcr Sch\u00e4den, die aus der Nutzung oder Nichtnutzung solcherart dargebotener Informationen entstehen, haftet allein der Anbieter der Seite, auf welche verwiesen wurde, nicht derjenige, der \u00fcber Links auf die jeweilige Ver\u00f6ffentlichung lediglich verweist.<\/span><\/p>\n<h4><span style=\"color: #000000;\">Rechtliche Hinweise<\/span><\/h4>\n<p><span style=\"color: #000000;\">Alle Inhalte dieser Internetseiten, insbesondere Videos, Fotos und Texte sind urheberrechtlich gesch\u00fctzt. Jegliche Verwertung von Inhalten dieser Seite, auch nur auszugsweise, bed\u00fcrfen der schriftlichen Zustimmung des Urhebers bzw. des Dienstanbieters.<\/span><\/p>\t\t\t\t\t\t\t\t<\/div>\n\t\t\t\t<\/div>\n\t\t\t\t\t<\/div>\n\t\t<\/div>\n\t\t\t\t\t<\/div>\n\t\t<\/section>\n\t\t\t\t<\/div>\n\t\t","protected":false},"excerpt":{"rendered":"<p>Technische Betreuung dieser Seiten: EDV-Beratung Uwe BorgerEmail:&nbsp;&nbsp;info@borger-edv.deDie Inhalte sind mit der Vitusschule Vacha abgestimmt und geben deren Meinung wieder. Verantwortlich f\u00fcr den Inhalt dieser Seiten: Staatliche Grundschule VachaSchulstra\u00dfe 9-1136404 Vacha Manuela Dorfmann Telefon: 036962 \/&nbsp;24 88 6Telefax: 036962 \/ 24 &hellip; <\/p>\n","protected":false},"author":2,"featured_media":0,"parent":0,"menu_order":0,"comment_status":"closed","ping_status":"closed","template":"","meta":{"footnotes":""},"class_list":["post-158","page","type-page","status-publish","hentry"],"_links":{"self":[{"href":"https:\/\/gs-vacha.de\/index.php?rest_route=\/wp\/v2\/pages\/158","targetHints":{"allow":["GET"]}}],"collection":[{"href":"https:\/\/gs-vacha.de\/index.php?rest_route=\/wp\/v2\/pages"}],"about":[{"href":"https:\/\/gs-vacha.de\/index.php?rest_route=\/wp\/v2\/types\/page"}],"author":[{"embeddable":true,"href":"https:\/\/gs-vacha.de\/index.php?rest_route=\/wp\/v2\/users\/2"}],"replies":[{"embeddable":true,"href":"https:\/\/gs-vacha.de\/index.php?rest_route=%2Fwp%2Fv2%2Fcomments&post=158"}],"version-history":[{"count":11,"href":"https:\/\/gs-vacha.de\/index.php?rest_route=\/wp\/v2\/pages\/158\/revisions"}],"predecessor-version":[{"id":258,"href":"https:\/\/gs-vacha.de\/index.php?rest_route=\/wp\/v2\/pages\/158\/revisions\/258"}],"wp:attachment":[{"href":"https:\/\/gs-vacha.de\/index.php?rest_route=%2Fwp%2Fv2%2Fmedia&parent=158"}],"curies":[{"name":"wp","href":"https:\/\/api.w.org\/{rel}","templated":true}]}}